{"id":2,"date":"2021-01-12T12:27:23","date_gmt":"2021-01-12T12:27:23","guid":{"rendered":"https:\/\/aufgetischt.wihu.at\/?page_id=2"},"modified":"2021-06-01T04:13:05","modified_gmt":"2021-06-01T04:13:05","slug":"sample-page","status":"publish","type":"page","link":"https:\/\/aufgetischt.wihu.at\/index.php\/sample-page\/","title":{"rendered":"\u00dcber uns"},"content":{"rendered":"\n<p>Sch\u00f6n, dass du da bist!<\/p>\n\n\n\n<p>Ich, Gerhard, bin seit &#8222;Ewigkeiten&#8220; autodidakter Hobbykoch und gleichzeitig Obmann des Vereines zur F\u00f6rderung der Heurigenkultur in \u00d6sterreich, kurz ich bin seit mehr als 25 Jahren der Herausgeber und Gr\u00fcnder des ersten digitalen \u00f6sterreichischen &#8222;<a href=\"https:\/\/www.heurigenkalender.at\/de\/\" target=\"_blank\" rel=\"noreferrer noopener\">Heurigenkalender<\/a>&#8222;.  Weinkultur, gutes Essen, interessante Reisen, Neue Rezepte gemeinsam mit meiner Frau Ingrid ausprobieren &#8230;. Herz was willst du noch mehr! Und da wir zur Zeit keine Verwandten, Freunde, Nachbarn oder andere G\u00e4ste einladen d\u00fcrfen, m\u00fcssen wir eben alles selbst essen und auch den guten Wein ganz alleine trinken. Total unchristlich und schlecht f\u00fcr die Figur &#8211; aber das ist eine andere Geschichte.<\/p>\n\n\n\n<p>Ich, Ingrid, liebe es ebenso zu kochen, zu backen und zu reisen. Nebenbei besch\u00e4ftige ich mich noch damit, jungen Erwachsenen in der Berufsschule die Grundlagen der \u00f6sterreichischen Wirtschaft und der Doppelten Buchf\u00fchrung n\u00e4her zu bringen.  Wie alle mussten auch wir unsere privaten sozialen Kontakte durch die Corona-Pandemie enorm einschr\u00e4nken. Ja und da haben wir uns gedacht, wie w\u00e4re es, wenn wir also Gerhard und ich &#8222;mia zwa baade&#8220; gemeinsam einen Blog \u00fcber unsere Koch-Aktivit\u00e4ten starten.<\/p>\n\n\n\n<p>Gesagt, gedacht, verworfen, gedacht, ausprobiert, gedacht, getan &#8230;  nach einem Jahr ist es schon so weit, die Corona-Ma\u00dfnahmen werden gelockert, wir sind beide schon 2x geimpft und schon starten wir unsere ersten Blog-Beitr\u00e4ge &#8230;.<\/p>\n\n\n\n<p>Wir freuen uns, wenn ihr das Wachsen unserer Seite mitverfolgt &#8230;..<\/p>\n\n\n\n<p>Guten Appetit!<\/p>\n\n\n\n<p><br><\/p>\n","protected":false},"excerpt":{"rendered":"<p>Sch\u00f6n, dass du da bist! Ich, Gerhard, bin seit &#8222;Ewigkeiten&#8220; autodidakter Hobbykoch und gleichzeitig Obmann des Vereines zur F\u00f6rderung der Heurigenkultur in \u00d6sterreich, kurz ich bin seit mehr als 25 Jahren der Herausgeber und Gr\u00fcnder des ersten digitalen \u00f6sterreichischen &#8222;Heurigenkalender&#8222;. Weinkultur, gutes Essen, interessante Reisen, Neue Rezepte gemeinsam mit meiner Frau Ingrid ausprobieren &#8230;. Herz &hellip; <\/p>\n","protected":false},"author":1,"featured_media":134,"parent":0,"menu_order":0,"comment_status":"closed","ping_status":"closed","template":"","meta":{"footnotes":""},"class_list":["post-2","page","type-page","status-publish","has-post-thumbnail","hentry"],"_links":{"self":[{"href":"https:\/\/aufgetischt.wihu.at\/index.php\/wp-json\/wp\/v2\/pages\/2","targetHints":{"allow":["GET"]}}],"collection":[{"href":"https:\/\/aufgetischt.wihu.at\/index.php\/wp-json\/wp\/v2\/pages"}],"about":[{"href":"https:\/\/aufgetischt.wihu.at\/index.php\/wp-json\/wp\/v2\/types\/page"}],"author":[{"embeddable":true,"href":"https:\/\/aufgetischt.wihu.at\/index.php\/wp-json\/wp\/v2\/users\/1"}],"replies":[{"embeddable":true,"href":"https:\/\/aufgetischt.wihu.at\/index.php\/wp-json\/wp\/v2\/comments?post=2"}],"version-history":[{"count":18,"href":"https:\/\/aufgetischt.wihu.at\/index.php\/wp-json\/wp\/v2\/pages\/2\/revisions"}],"predecessor-version":[{"id":143,"href":"https:\/\/aufgetischt.wihu.at\/index.php\/wp-json\/wp\/v2\/pages\/2\/revisions\/143"}],"wp:featuredmedia":[{"embeddable":true,"href":"https:\/\/aufgetischt.wihu.at\/index.php\/wp-json\/wp\/v2\/media\/134"}],"wp:attachment":[{"href":"https:\/\/aufgetischt.wihu.at\/index.php\/wp-json\/wp\/v2\/media?parent=2"}],"curies":[{"name":"wp","href":"https:\/\/api.w.org\/{rel}","templated":true}]}}